{"id":101,"date":"2017-12-15T10:55:34","date_gmt":"2017-12-15T10:55:34","guid":{"rendered":"http:\/\/heimatpflege-tuebingen.eu\/?page_id=101"},"modified":"2025-02-11T06:37:54","modified_gmt":"2025-02-11T06:37:54","slug":"heimatmedaille-2","status":"publish","type":"page","link":"https:\/\/heimatpflege-tuebingen.de\/?page_id=101","title":{"rendered":"Heimatmedaille"},"content":{"rendered":"<p><img loading=\"lazy\" decoding=\"async\" class=\"alignleft size-medium wp-image-182\" src=\"http:\/\/heimatpflege-tuebingen.de\/wp-content\/uploads\/2017\/12\/Heimatmedaille-140x300.jpg\" alt=\"\" width=\"140\" height=\"300\" srcset=\"https:\/\/heimatpflege-tuebingen.de\/wp-content\/uploads\/2017\/12\/Heimatmedaille-140x300.jpg 140w, https:\/\/heimatpflege-tuebingen.de\/wp-content\/uploads\/2017\/12\/Heimatmedaille-768x1650.jpg 768w, https:\/\/heimatpflege-tuebingen.de\/wp-content\/uploads\/2017\/12\/Heimatmedaille-477x1024.jpg 477w\" sizes=\"auto, (max-width: 140px) 100vw, 140px\" \/>Die&nbsp;<b>Heimatmedaille des Landes Baden-W\u00fcrttemberg<\/b>&nbsp;bzw. die&nbsp;<i>Medaille f\u00fcr Verdienste um die Heimat Baden-W\u00fcrttemberg<\/i>&nbsp;ist eine Auszeichnung, mit der seit 1978 B\u00fcrger geehrt werden, die sich um die Heimat- und Brauchtumspflege von&nbsp;<a title=\"Baden-W\u00fcrttemberg\" href=\"https:\/\/de.wikipedia.org\/wiki\/Baden-W%C3%BCrttemberg\">Baden-W\u00fcrttemberg<\/a>&nbsp;besonders verdient gemacht haben.<sup id=\"cite_ref-1\" class=\"reference\"><\/sup><\/p>\n<p>Es handelt sich um eine eher seltene Auszeichnung, die jedes Jahr vom&nbsp;<i>Landesausschuss f\u00fcr Heimatpflege<\/i>&nbsp;an zehn B\u00fcrger vergeben wird.<sup id=\"cite_ref-2\" class=\"reference\"><\/sup><\/p>\n<p>Traditionell wird die Heimatmedaille den Preistr\u00e4gern jedes Jahr im September zur Er\u00f6ffnung der&nbsp;<a title=\"Heimattage Baden-W\u00fcrttemberg\" href=\"https:\/\/de.wikipedia.org\/wiki\/Heimattage_Baden-W%C3%BCrttemberg\">Heimattage Baden-W\u00fcrttemberg<\/a> \u00fcberreicht.<\/p>\n<p class=\"bodytext\">Mit der Heimatmedaille&nbsp;werden verdiente B\u00fcrgerinnen und B\u00fcrger geehrt , die sich um die Heimat Baden-W\u00fcrttemberg besonders verdient gemacht haben. Die Verdienste k\u00f6nnen auch in nicht organisierten Formen ehrenamtlicher T\u00e4tigkeiten erbracht worden sein. Die Integrationsarbeit und herausragendes Engagement junger Menschen in der Heimatpflege stellen einen besonderen Schwerpunkt der Arbeit der Landesregierung dar.<\/p>\n<p class=\"bodytext\">Au\u00dfer Betracht bleiben berufliche T\u00e4tigkeiten sowie ehrenamtliche T\u00e4tigkeiten in Organen der kommunalen Selbstverwaltung, die durch Volkswahl gebildet werden. Typische Vereinskarrieren sind ebenfalls nicht Gegenstand der Ehrung. Die Heimatmedaille ist insoweit eine eigenst\u00e4ndige Auszeichnung neben der Ehrennadel des Landes Baden-W\u00fcrttemberg und auch neben den Ehrennadeln, die die Arbeitskreise f\u00fcr Heimatpflege auf Bezirksebene verleihen.<\/p>\n<p class=\"bodytext\">Vorschlagsberechtigt sind die Arbeitskreise f\u00fcr Heimatpflege auf Regierungsbezirksebene und die Kommune, die jeweils die Heimattage Baden-W\u00fcrttemberg ausrichtet. Die Verleihung an bis zu zehn Pers\u00f6nlichkeiten erfolgt traditionell zu Beginn der Landesfesttage der Heimattage.<\/p>\n<p><a href=\"https:\/\/mwk.baden-wuerttemberg.de\/fileadmin\/redaktion\/m-mwk\/intern\/dateien\/pdf\/Heimatmedaille\/Tr%C3%A4gerinnen_und_Tr%C3%A4ger_seit_1978.pdf\">Die bisherigen Preistr\u00e4ger und Preistr\u00e4gerinnen.<\/a><\/p>\n<a href=\"https:\/\/heimatpflege-tuebingen.de\/wp-content\/uploads\/2021\/01\/Heimatmedaille_Statut_2018.pdf\" class=\"pdfemb-viewer\" style=\"\" data-width=\"max\" data-height=\"max\" data-mobile-width=\"500\"  data-scrollbar=\"none\" data-download=\"on\" data-tracking=\"on\" data-newwindow=\"on\" data-pagetextbox=\"off\" data-scrolltotop=\"off\" data-startzoom=\"100\" data-startfpzoom=\"100\" data-toolbar=\"bottom\" data-toolbar-fixed=\"on\">Heimatmedaille_Statut_2018<br\/><\/a>\n","protected":false},"excerpt":{"rendered":"<p>Die&nbsp;Heimatmedaille des Landes Baden-W\u00fcrttemberg&nbsp;bzw. die&nbsp;Medaille f\u00fcr Verdienste um die Heimat Baden-W\u00fcrttemberg&nbsp;ist eine Auszeichnung, mit der seit 1978 B\u00fcrger geehrt werden, die sich um die Heimat- und Brauchtumspflege von&nbsp;Baden-W\u00fcrttemberg&nbsp;besonders verdient gemacht haben. Es handelt sich um eine eher seltene Auszeichnung, die jedes Jahr vom&nbsp;Landesausschuss f\u00fcr Heimatpflege&nbsp;an zehn B\u00fcrger vergeben wird. Traditionell wird die Heimatmedaille den Preistr\u00e4gern &hellip; <\/p>\n<p class=\"link-more\"><a href=\"https:\/\/heimatpflege-tuebingen.de\/?page_id=101\" class=\"more-link\"><span class=\"screen-reader-text\">\u201eHeimatmedaille\u201c <\/span>weiterlesen<\/a><\/p>\n","protected":false},"author":1,"featured_media":0,"parent":0,"menu_order":0,"comment_status":"closed","ping_status":"closed","template":"","meta":{"ngg_post_thumbnail":0,"footnotes":""},"class_list":["post-101","page","type-page","status-publish","hentry"],"_links":{"self":[{"href":"https:\/\/heimatpflege-tuebingen.de\/index.php?rest_route=\/wp\/v2\/pages\/101","targetHints":{"allow":["GET"]}}],"collection":[{"href":"https:\/\/heimatpflege-tuebingen.de\/index.php?rest_route=\/wp\/v2\/pages"}],"about":[{"href":"https:\/\/heimatpflege-tuebingen.de\/index.php?rest_route=\/wp\/v2\/types\/page"}],"author":[{"embeddable":true,"href":"https:\/\/heimatpflege-tuebingen.de\/index.php?rest_route=\/wp\/v2\/users\/1"}],"replies":[{"embeddable":true,"href":"https:\/\/heimatpflege-tuebingen.de\/index.php?rest_route=%2Fwp%2Fv2%2Fcomments&post=101"}],"version-history":[{"count":9,"href":"https:\/\/heimatpflege-tuebingen.de\/index.php?rest_route=\/wp\/v2\/pages\/101\/revisions"}],"predecessor-version":[{"id":1144,"href":"https:\/\/heimatpflege-tuebingen.de\/index.php?rest_route=\/wp\/v2\/pages\/101\/revisions\/1144"}],"wp:attachment":[{"href":"https:\/\/heimatpflege-tuebingen.de\/index.php?rest_route=%2Fwp%2Fv2%2Fmedia&parent=101"}],"curies":[{"name":"wp","href":"https:\/\/api.w.org\/{rel}","templated":true}]}}