{"id":103,"date":"2017-12-15T10:55:57","date_gmt":"2017-12-15T10:55:57","guid":{"rendered":"http:\/\/heimatpflege-tuebingen.eu\/?page_id=103"},"modified":"2025-02-11T06:29:11","modified_gmt":"2025-02-11T06:29:11","slug":"links","status":"publish","type":"page","link":"https:\/\/heimatpflege-tuebingen.de\/?page_id=103","title":{"rendered":"Links"},"content":{"rendered":"<p><a href=\"https:\/\/rp.baden-wuerttemberg.de\/rpt\/Seiten\/default.aspx\" target=\"_blank\" rel=\"noopener\">Regierungspr\u00e4sidium T\u00fcbingen<\/a><\/p>\n<p><a href=\"https:\/\/im.baden-wuerttemberg.de\/de\/land-kommunen\/heimattage#:~:text=Die%20Heimattage%20wollen%20das%20Verst%C3%A4ndnis,Alt%20eine%20Reihe%20von%20Veranstaltungen.\" target=\"_blank\" rel=\"noopener\">Heimattage Baden-W\u00fcrttemberg<\/a><\/p>\n<p><a href=\"https:\/\/rp.baden-wuerttemberg.de\/rps\/abt2\/ref23\/heimatpflege-stuttgart\/\" target=\"_blank\" rel=\"noopener\">Arbeitskreis Heimatpflege im Regierungsbezirk Stuttgart<\/a><\/p>\n<p><a href=\"https:\/\/www.ak-heimatpflege-ka.de\/\" target=\"_blank\" rel=\"noopener\">Arbeitskreis Heimatpflege im Regierungsbezirk Karlsruhe<\/a><\/p>\n<p><a href=\"http:\/\/www.alemannischeheimat.de\/\" target=\"_blank\" rel=\"noopener\">Arbeitskreis Heimatpflege im Regierungsbezirk Freiburg<\/a><\/p>\n","protected":false},"excerpt":{"rendered":"<p>Regierungspr\u00e4sidium T\u00fcbingen Heimattage Baden-W\u00fcrttemberg Arbeitskreis Heimatpflege im Regierungsbezirk Stuttgart Arbeitskreis Heimatpflege im Regierungsbezirk Karlsruhe Arbeitskreis Heimatpflege im Regierungsbezirk Freiburg<\/p>\n","protected":false},"author":1,"featured_media":0,"parent":0,"menu_order":0,"comment_status":"closed","ping_status":"closed","template":"","meta":{"ngg_post_thumbnail":0,"footnotes":""},"class_list":["post-103","page","type-page","status-publish","hentry"],"_links":{"self":[{"href":"https:\/\/heimatpflege-tuebingen.de\/index.php?rest_route=\/wp\/v2\/pages\/103","targetHints":{"allow":["GET"]}}],"collection":[{"href":"https:\/\/heimatpflege-tuebingen.de\/index.php?rest_route=\/wp\/v2\/pages"}],"about":[{"href":"https:\/\/heimatpflege-tuebingen.de\/index.php?rest_route=\/wp\/v2\/types\/page"}],"author":[{"embeddable":true,"href":"https:\/\/heimatpflege-tuebingen.de\/index.php?rest_route=\/wp\/v2\/users\/1"}],"replies":[{"embeddable":true,"href":"https:\/\/heimatpflege-tuebingen.de\/index.php?rest_route=%2Fwp%2Fv2%2Fcomments&post=103"}],"version-history":[{"count":5,"href":"https:\/\/heimatpflege-tuebingen.de\/index.php?rest_route=\/wp\/v2\/pages\/103\/revisions"}],"predecessor-version":[{"id":1142,"href":"https:\/\/heimatpflege-tuebingen.de\/index.php?rest_route=\/wp\/v2\/pages\/103\/revisions\/1142"}],"wp:attachment":[{"href":"https:\/\/heimatpflege-tuebingen.de\/index.php?rest_route=%2Fwp%2Fv2%2Fmedia&parent=103"}],"curies":[{"name":"wp","href":"https:\/\/api.w.org\/{rel}","templated":true}]}}