{"id":1050,"date":"2024-06-03T11:35:23","date_gmt":"2024-06-03T11:35:23","guid":{"rendered":"https:\/\/heimatpflege-tuebingen.de\/?page_id=1050"},"modified":"2024-07-01T11:44:16","modified_gmt":"2024-07-01T11:44:16","slug":"15-museumswettbewerb-2024","status":"publish","type":"page","link":"https:\/\/heimatpflege-tuebingen.de\/?page_id=1050","title":{"rendered":"15. Museumswettbewerb 2024"},"content":{"rendered":"\n<p style=\"text-align: center;\">&nbsp;<\/p>\n<p style=\"text-align: center;\"><strong>Wettbewerb und Preis des<\/strong><\/p>\n<p style=\"text-align: center;\"><strong>&nbsp;<\/strong><strong>Arbeitskreises Heimatpflege im Regierungsbezirk T\u00fcbingen e. V. <\/strong><\/p>\n<p>&nbsp;<\/p>\n<p>Seit 1985 ist der Arbeitskreis Heimatpflege ist der Dachverband der in diesem Bereich im Regierungsbezirk T\u00fcbingen t\u00e4tigen Organisationen und Verb\u00e4nde. Heimatpflege bedeutet f\u00fcr den Arbeitskreis, den wiedererkannten hohen Stellenwert der Heimat in einer zusammenger\u00fcckten Welt verst\u00e4ndlich zu machen. Heimatliebe und Weltoffenheit sind in einer globalisierten Welt keine Gegens\u00e4tze &#8211; Heimat ist aktueller denn je.<\/p>\n<p style=\"text-align: center;\"><strong>HEIMAT \u2013 vorbildlich im MUSEUM<\/strong><\/p>\n<p>Eine der herausragenden Aktivit\u00e4ten des Arbeitskreises bildet seit 1992 die Ausschreibung des Museumspreises f\u00fcr die nichtstaatlichen Museen im Regierungsbezirk T\u00fcbingen. Bislang konnten bereits 35 Museen zwischen Bodensee und Sch\u00f6nbuch ausgezeichnet werden.<\/p>\n<p>Die Museen verstehen sich heutzutage nicht l\u00e4nger nur als St\u00e4tten des Sammelns und Bewahrens, sondern zunehmend als Orte, die eine lebendige Auseinandersetzung mit Vergangenheit und Gegenwart erm\u00f6glichen. Nur ein \u201eoffenes\u201c und aktives Museum wird als attraktiv wahrgenommen und bleibt damit zukunftsf\u00e4hig. Dabei kommt neuen Formen und Ans\u00e4tzen beispielweise durch den Einsatz neuer Techniken und Medien eine ebenso wichtige Bedeutung zu wie Wechselausstellungen, Projekte, Aktionen und sonstige Veranstaltungen in den Museumsr\u00e4umen.<\/p>\n<p>Der Wettbewerb will \u2013 gerade nach den Schlie\u00dfungszeiten w\u00e4hrend der Corona-Pandemie \u2013 innovative Ans\u00e4tze, deren Umsetzung, sowie m\u00f6gliche Weiterentwicklungen anregen. Auch bereits ausgezeichnete Museen d\u00fcrfen sich mit ihren neuen, kreativen Ideen wieder bewerben. Um diese Entwicklung zu f\u00f6rdern, stiftet der Arbeitskreis Heimatpflege 2024 erneut einen Preis.<\/p>\n<p><strong>HEIMAT \u2013 vorbildlich im MUSEUM<\/strong><\/p>\n<ol>\n<li>Der Preis wird in der Regel alle zwei Jahre verliehen.<\/li>\n<li>Es k\u00f6nnen bis zu drei Preise verliehen werden. Die Gesamtpreissumme betr\u00e4gt bis zu 6.000,00 Euro.<\/li>\n<li>Im Fokus dieses Wettbewerbs steht das vielf\u00e4ltige innovative Engagement der \u00fcberwiegend ehrenamtlichen Mitarbeiter, die durch kreative Ideen, Initiativen, Aktivit\u00e4ten und Projekte ihre Museen lebendig und attraktiv pr\u00e4sentieren und zu reichhaltigem Erfahrungsaustausch anregen (z.B.: Sonder-\/Themenf\u00fchrungen, Mitmachaktionen f\u00fcr verschiedene Altersgruppen, besondere Art der Pr\u00e4sentation, Erfahrungen mit allen Sinnen\u2026).<\/li>\n<li>Bewerben k\u00f6nnen sich alle nichtstaatlichen Museen im Regierungsbezirk T\u00fcbingen auch wenn sie bereits ausgezeichnet wurden. Auch Museumsprojekte, die noch nicht abgeschlossen sind, k\u00f6nnen am Wettbewerb teilnehmen.<\/li>\n<li>\u00dcber die Vergabe entscheidet eine Jury, die vom Vorsitzenden des Arbeitskreises Heimatpflege berufen wird. Sie setzt sich aus Mitgliedern des Arbeitskreises sowie aus Kulturwissenschaftlern und Museumsfachleuten zusammen.<\/li>\n<li>Bewerbungen sind zu richten an die Gesch\u00e4ftsstelle des Arbeitskreis Heimatpflege im Regierungsbezirk T\u00fcbingen e.V. beim Regierungspr\u00e4sidium T\u00fcbingen, Referat 23, Konrad-Adenauerstr.20, 72072 T\u00fcbingen. Stichtag ist der 30. Juni 2024. Der Bewerbung sind Unterlagen beizuf\u00fcgen, die die Erf\u00fcllung der Preis-Kriterien belegen k\u00f6nnen (z.B. Bilddokumentation, Kernkonzept, Veranstaltungen, Personenkreis, \u00d6ffnungszeiten, evtl. Stellungnahme der Gemeinde usw.).<\/li>\n<li>Der Rechtsweg ist ausgeschlossen.<\/li>\n<\/ol>\n<p>&nbsp;<\/p>\n<p>Karlheinz Geppert&nbsp; &nbsp; &nbsp; &nbsp; &nbsp; &nbsp; &nbsp; &nbsp; &nbsp; &nbsp; &nbsp; &nbsp; &nbsp; &nbsp; &nbsp; &nbsp; &nbsp; &nbsp; &nbsp; &nbsp; &nbsp; &nbsp; &nbsp; &nbsp; &nbsp; &nbsp; &nbsp; &nbsp; &nbsp; &nbsp; &nbsp; &nbsp; &nbsp; &nbsp; &nbsp; &nbsp; &nbsp; &nbsp; &nbsp; &nbsp; &nbsp; &nbsp; &nbsp; &nbsp; &nbsp; &nbsp; &nbsp;&nbsp;<\/p>\n<p>Vorsitzender des Arbeitskreises Heimatpflege im Regierungsbezirk T\u00fcbingen e.V.<\/p>\n<p>27. Mai 2024<\/p>\n","protected":false},"excerpt":{"rendered":"<p>&nbsp; Wettbewerb und Preis des &nbsp;Arbeitskreises Heimatpflege im Regierungsbezirk T\u00fcbingen e. V. &nbsp; Seit 1985 ist der Arbeitskreis Heimatpflege ist der Dachverband der in diesem Bereich im Regierungsbezirk T\u00fcbingen t\u00e4tigen Organisationen und Verb\u00e4nde. Heimatpflege bedeutet f\u00fcr den Arbeitskreis, den wiedererkannten hohen Stellenwert der Heimat in einer zusammenger\u00fcckten Welt verst\u00e4ndlich zu machen. Heimatliebe und Weltoffenheit sind &hellip; <\/p>\n<p class=\"link-more\"><a href=\"https:\/\/heimatpflege-tuebingen.de\/?page_id=1050\" class=\"more-link\"><span class=\"screen-reader-text\">\u201e15. Museumswettbewerb 2024\u201c <\/span>weiterlesen<\/a><\/p>\n","protected":false},"author":6,"featured_media":0,"parent":0,"menu_order":0,"comment_status":"closed","ping_status":"closed","template":"","meta":{"ngg_post_thumbnail":0,"footnotes":""},"class_list":["post-1050","page","type-page","status-publish","hentry"],"_links":{"self":[{"href":"https:\/\/heimatpflege-tuebingen.de\/index.php?rest_route=\/wp\/v2\/pages\/1050","targetHints":{"allow":["GET"]}}],"collection":[{"href":"https:\/\/heimatpflege-tuebingen.de\/index.php?rest_route=\/wp\/v2\/pages"}],"about":[{"href":"https:\/\/heimatpflege-tuebingen.de\/index.php?rest_route=\/wp\/v2\/types\/page"}],"author":[{"embeddable":true,"href":"https:\/\/heimatpflege-tuebingen.de\/index.php?rest_route=\/wp\/v2\/users\/6"}],"replies":[{"embeddable":true,"href":"https:\/\/heimatpflege-tuebingen.de\/index.php?rest_route=%2Fwp%2Fv2%2Fcomments&post=1050"}],"version-history":[{"count":2,"href":"https:\/\/heimatpflege-tuebingen.de\/index.php?rest_route=\/wp\/v2\/pages\/1050\/revisions"}],"predecessor-version":[{"id":1052,"href":"https:\/\/heimatpflege-tuebingen.de\/index.php?rest_route=\/wp\/v2\/pages\/1050\/revisions\/1052"}],"wp:attachment":[{"href":"https:\/\/heimatpflege-tuebingen.de\/index.php?rest_route=%2Fwp%2Fv2%2Fmedia&parent=1050"}],"curies":[{"name":"wp","href":"https:\/\/api.w.org\/{rel}","templated":true}]}}