{"id":1153,"date":"2025-02-11T10:29:08","date_gmt":"2025-02-11T10:29:08","guid":{"rendered":"https:\/\/heimatpflege-tuebingen.de\/?page_id=1153"},"modified":"2025-12-30T17:31:34","modified_gmt":"2025-12-30T17:31:34","slug":"portraets-von-preistraegern-im-rp-tuebingen","status":"publish","type":"page","link":"https:\/\/heimatpflege-tuebingen.de\/?page_id=1153","title":{"rendered":"Portr\u00e4ts von Preistr\u00e4gern Regierungsbezirk T\u00fcbingen"},"content":{"rendered":"\n<table style=\"border-collapse: collapse; width: 98.368%; height: 469px;\">\n<tbody>\n<tr style=\"height: 20px;\">\n<td style=\"width: 12.4629%; height: 20px;\">2013<\/td>\n<td style=\"width: 87.5371%; height: 20px;\"><a href=\"https:\/\/www.youtube.com\/watch?v=VAtK35_BXvI\">Marlies Groetzinger<\/a><\/td>\n<\/tr>\n<tr style=\"height: 20px;\">\n<td style=\"width: 12.4629%; height: 20px;\">&nbsp;<\/td>\n<td style=\"width: 87.5371%; height: 20px;\">&nbsp;<\/td>\n<\/tr>\n<tr style=\"height: 20px;\">\n<td style=\"width: 12.4629%; height: 20px;\">2014<\/td>\n<td style=\"width: 87.5371%; height: 20px;\"><a href=\"https:\/\/www.youtube.com\/watch?v=u2MmCoyZiq4\">Dr. Kurt Diemer Biberach Ri\u00df<\/a><\/td>\n<\/tr>\n<tr style=\"height: 20px;\">\n<td style=\"width: 12.4629%; height: 20px;\">2015<\/td>\n<td style=\"width: 87.5371%; height: 20px;\"><a href=\"https:\/\/www.youtube.com\/watch?v=GcnHHU14gys\">Harald Neu Ehingen (Donau)<\/a><\/td>\n<\/tr>\n<tr style=\"height: 20px;\">\n<td style=\"width: 12.4629%; height: 20px;\">&nbsp;<\/td>\n<td style=\"width: 87.5371%; height: 20px;\"><a href=\"https:\/\/www.youtube.com\/watch?v=vouGXayY01k\">Dr. Beate Weingardt T\u00fcbingen<\/a><\/td>\n<\/tr>\n<tr style=\"height: 20px;\">\n<td style=\"width: 12.4629%; height: 20px;\">2016<\/td>\n<td style=\"width: 87.5371%; height: 20px;\">&nbsp;<a href=\"https:\/\/www.youtube.com\/watch?v=cda8liv2IWI\">Irmgard Naumann Bad Urach<\/a><\/td>\n<\/tr>\n<tr style=\"height: 20px;\">\n<td style=\"width: 12.4629%; height: 20px;\">&nbsp;<\/td>\n<td style=\"width: 87.5371%; height: 20px;\">&nbsp;<\/td>\n<\/tr>\n<tr style=\"height: 20px;\">\n<td style=\"width: 12.4629%; height: 20px;\">2018<\/td>\n<td style=\"width: 87.5371%; height: 20px;\">&nbsp;<\/td>\n<\/tr>\n<tr style=\"height: 20px;\">\n<td style=\"width: 12.4629%; height: 20px;\">&nbsp;<\/td>\n<td style=\"width: 87.5371%; height: 20px;\">&nbsp;<\/td>\n<\/tr>\n<tr style=\"height: 20px;\">\n<td style=\"width: 12.4629%; height: 20px;\">2019<\/td>\n<td style=\"width: 87.5371%; height: 20px;\"><a href=\"https:\/\/www.youtube.com\/watch?v=PjcUtCqKLNs\">Irena Leist Wangen im Allg\u00e4u<\/a><\/td>\n<\/tr>\n<tr style=\"height: 36px;\">\n<td style=\"width: 12.4629%; height: 25px;\">&nbsp;<\/td>\n<td style=\"width: 87.5371%; height: 25px;\">&nbsp;<\/td>\n<\/tr>\n<tr style=\"height: 21px;\">\n<td style=\"width: 12.4629%; height: 21px;\">2020<\/td>\n<td style=\"width: 87.5371%; height: 21px;\">&nbsp;<\/td>\n<\/tr>\n<tr style=\"height: 20px;\">\n<td style=\"width: 12.4629%; height: 20px;\">&nbsp;<\/td>\n<td style=\"width: 87.5371%; height: 20px;\">&nbsp;<\/td>\n<\/tr>\n<tr style=\"height: 20px;\">\n<td style=\"width: 12.4629%; height: 20px;\">2021<\/td>\n<td style=\"width: 87.5371%; height: 20px;\">&nbsp;<\/td>\n<\/tr>\n<tr style=\"height: 20px;\">\n<td style=\"width: 12.4629%; height: 20px;\">&nbsp;<\/td>\n<td style=\"width: 87.5371%; height: 20px;\">&nbsp;<\/td>\n<\/tr>\n<tr style=\"height: 20px;\">\n<td style=\"width: 12.4629%; height: 20px;\">2022<\/td>\n<td style=\"width: 87.5371%; height: 20px;\"><a href=\"https:\/\/www.youtube.com\/watch?v=NhA-FYO-nXA\">Heidi Haaf Rottenburg a.N.<\/a><\/td>\n<\/tr>\n<tr style=\"height: 20px;\">\n<td style=\"width: 12.4629%; height: 20px;\">&nbsp;<\/td>\n<td style=\"width: 87.5371%; height: 20px;\">&nbsp;<\/td>\n<\/tr>\n<tr style=\"height: 20px;\">\n<td style=\"width: 12.4629%; height: 20px;\">2023<\/td>\n<td style=\"width: 87.5371%; height: 20px;\"><a href=\"https:\/\/www.youtube.com\/watch?v=mUOheR7HZu8\">Margarete Kollmar T\u00fcbingen<\/a><\/td>\n<\/tr>\n<tr style=\"height: 20px;\">\n<td style=\"width: 12.4629%; height: 20px;\">&nbsp;<\/td>\n<td style=\"width: 87.5371%; height: 20px;\"><a href=\"https:\/\/www.youtube.com\/watch?v=X3JCPsUyW-I\">Walter Roehm Bad Urach<\/a><\/td>\n<\/tr>\n<tr style=\"height: 20px;\">\n<td style=\"width: 12.4629%; height: 20px;\">2024<\/td>\n<td style=\"width: 87.5371%; height: 20px;\"><a href=\"https:\/\/www.youtube.com\/watch?v=g9M1RAiTibs\">Karlheinz Geppert Rottenburg a.N.<\/a><\/td>\n<\/tr>\n<tr style=\"height: 20px;\">\n<td style=\"width: 12.4629%; height: 23px;\">&nbsp;<\/td>\n<td style=\"width: 87.5371%; height: 23px;\"><a href=\"https:\/\/www.youtube.com\/watch?v=mN6i5an1kYI\">Elisabeth Waibel Ehingen (Donau)<\/a><\/td>\n<\/tr>\n<tr style=\"height: 20px;\">\n<td style=\"width: 12.4629%; height: 20px;\">2025<\/td>\n<td style=\"width: 87.5371%; height: 20px;\"><a href=\"https:\/\/www.youtube.com\/watch?v=vZ4vM4TyCpU\">Alfons K\u00f6hler<\/a><\/td>\n<\/tr>\n<tr style=\"height: 20px;\">\n<td style=\"width: 12.4629%; height: 20px;\">&nbsp;<\/td>\n<td style=\"width: 87.5371%; height: 20px;\"><a href=\"https:\/\/www.youtube.com\/watch?v=OzUakPTl6WM\">Irene Schmid<\/a><\/td>\n<\/tr>\n<\/tbody>\n<\/table>\n\n\n","protected":false},"excerpt":{"rendered":"<p>2013 Marlies Groetzinger &nbsp; &nbsp; 2014 Dr. Kurt Diemer Biberach Ri\u00df 2015 Harald Neu Ehingen (Donau) &nbsp; Dr. Beate Weingardt T\u00fcbingen 2016 &nbsp;Irmgard Naumann Bad Urach &nbsp; &nbsp; 2018 &nbsp; &nbsp; &nbsp; 2019 Irena Leist Wangen im Allg\u00e4u &nbsp; &nbsp; 2020 &nbsp; &nbsp; &nbsp; 2021 &nbsp; &nbsp; &nbsp; 2022 Heidi Haaf Rottenburg a.N. &nbsp; &nbsp; &hellip; <\/p>\n<p class=\"link-more\"><a href=\"https:\/\/heimatpflege-tuebingen.de\/?page_id=1153\" class=\"more-link\"><span class=\"screen-reader-text\">\u201ePortr\u00e4ts von Preistr\u00e4gern Regierungsbezirk T\u00fcbingen\u201c <\/span>weiterlesen<\/a><\/p>\n","protected":false},"author":1,"featured_media":0,"parent":0,"menu_order":0,"comment_status":"closed","ping_status":"closed","template":"","meta":{"ngg_post_thumbnail":0,"footnotes":""},"class_list":["post-1153","page","type-page","status-publish","hentry"],"_links":{"self":[{"href":"https:\/\/heimatpflege-tuebingen.de\/index.php?rest_route=\/wp\/v2\/pages\/1153","targetHints":{"allow":["GET"]}}],"collection":[{"href":"https:\/\/heimatpflege-tuebingen.de\/index.php?rest_route=\/wp\/v2\/pages"}],"about":[{"href":"https:\/\/heimatpflege-tuebingen.de\/index.php?rest_route=\/wp\/v2\/types\/page"}],"author":[{"embeddable":true,"href":"https:\/\/heimatpflege-tuebingen.de\/index.php?rest_route=\/wp\/v2\/users\/1"}],"replies":[{"embeddable":true,"href":"https:\/\/heimatpflege-tuebingen.de\/index.php?rest_route=%2Fwp%2Fv2%2Fcomments&post=1153"}],"version-history":[{"count":10,"href":"https:\/\/heimatpflege-tuebingen.de\/index.php?rest_route=\/wp\/v2\/pages\/1153\/revisions"}],"predecessor-version":[{"id":1233,"href":"https:\/\/heimatpflege-tuebingen.de\/index.php?rest_route=\/wp\/v2\/pages\/1153\/revisions\/1233"}],"wp:attachment":[{"href":"https:\/\/heimatpflege-tuebingen.de\/index.php?rest_route=%2Fwp%2Fv2%2Fmedia&parent=1153"}],"curies":[{"name":"wp","href":"https:\/\/api.w.org\/{rel}","templated":true}]}}