{"id":1186,"date":"2025-10-17T14:34:53","date_gmt":"2025-10-17T14:34:53","guid":{"rendered":"https:\/\/heimatpflege-tuebingen.de\/?page_id=1186"},"modified":"2025-10-19T06:02:04","modified_gmt":"2025-10-19T06:02:04","slug":"wettbewerb-vorbildliches-dorfgasthaus-2025","status":"publish","type":"page","link":"https:\/\/heimatpflege-tuebingen.de\/?page_id=1186","title":{"rendered":"Wettbewerb &#8222;Vorbildliches Dorfgasthaus 2025&#8220;"},"content":{"rendered":"\n\n\n<p><strong>Preistr\u00e4ger sind:<\/strong><\/p>\n<p>Gasthaus Hirsch in T\u00fcbingen-Derendingen (Landkreis T\u00fcbingen)<\/p>\n<p>Gasthaus Krone in Albstadt-Lautlingen (Zollernalbkreis)<\/p>\n<p>Gasthaus Traube in Tettnang-Wielandsweiler (Bodenseekreis)<\/p>\n<p>&nbsp;<\/p>\n<p><strong>Eine Auszeichnung f\u00fcr ein besonderes Konzept erhalten:<\/strong><\/p>\n<p>Gasthaus Adler in M\u00fcnsingen-Buttenhausen (Landkreis Reutlingen)<\/p>\n<p>Gasthaus Hirsch in Wangen im Allg\u00e4u (Landkreis Ravensburg)<\/p>\n<p>Gasthaus Ochsen in Burladingen-Melchingen (Zollernalbkreis)<\/p>\n<p>&nbsp;<\/p>\n<p>Die pr\u00e4mierten Dorfgasth\u00e4user erhielten von Regierungspr\u00e4sident Klaus Tappeser, der auch Schirmherr des Preises ist, im Rahmen feierlichen Preisverleihung eine Stele und eine Urkunde. Die Festakte fanden in Derendingen, Albstadt-Lautlingen und Tettnang-Wielandsweiler statt.<\/p>\n<p><strong>Zu den Preistr\u00e4gern<\/strong><\/p>\n<p><strong>Das Gasthaus Hirsch in T\u00fcbingen-Derendingen <\/strong>im Landkreis T\u00fcbingen befindet sich im Herzen von Derendingen und ist seit \u00fcber 100 Jahren ein zentraler Treffpunkt f\u00fcr die Dorfgemeinschaft. Auszeichnungsw\u00fcrdig ist das Gasthaus aufgrund der vielf\u00e4ltigen Angebote. Durch die gem\u00fctliche Atmosph\u00e4re und einer starken Verwurzelung in der Dorfgemeinschaft hat sich das Gasthaus Hirsch als ein Ort der Begegnung und des Genusses etabliert. Das Gasthaus Hirsch ist ein fester Bestandteil des Dorflebens. Regelm\u00e4\u00dfig werden Events und Stammtische veranstaltet, die das Dorfleben st\u00e4rken.<\/p>\n<p>&nbsp;<\/p>\n<p><strong>Das Gasthaus Krone in Albstadt-Lautlingen<\/strong> mitten im Herzen des Zollernalbkreises ist ein besonderer Ort, der seit Jahrhunderten Menschen zusammenf\u00fchrt.<\/p>\n<p>Seit 1697 pr\u00e4gt das Fachwerkhaus nicht nur das Ortsbild von Lautlingen, sondern auch das gesellschaftliche Leben der Gemeinde und dar\u00fcber hinaus. Im Gasthaus Krone treffen sich Generationen \u2013 zum Austausch, zum Feiern, zum Erinnern und zum Erleben.<\/p>\n<p>Die Krone Lautlingen ist weit mehr als ein Gasthaus:<\/p>\n<p>Sie ist ein sozialer Treffpunkt, ein kultureller Mittelpunkt und ein lebendiger Teil der Albst\u00e4dter Gemeinschaft.<\/p>\n<p>&nbsp;<\/p>\n<p><strong>Das Gasthaus Traube in Tettnang-Wielandsweiler <\/strong>im Bodenseekreis l\u00e4dt seine G\u00e4ste zu einer genussvollen Auszeit ein. Inmitten der idyllischen Landschaft des Bodensees gelegen, bietet das Gasthaus traditionelle Speisen und eine gem\u00fctliche Atmosph\u00e4re. Die K\u00fcche des Gasthaus Traube bietet regionale und saisonale Gerichte, die mit frischen Zutaten zubereitet werden.<\/p>\n<p>Das Ambiente des Gasthauses ist rustikal und einladend. Die freundlichen Mitarbeiter sorgen daf\u00fcr, dass sich die G\u00e4ste rundum wohl f\u00fchlen.<\/p>\n<p>&nbsp;<\/p>\n<p><strong>Auszeichnet mit Sonderpreisen: <\/strong><\/p>\n<p><strong>&nbsp;<\/strong>Das <strong>Gasthaus<\/strong> <strong>Adler in M\u00fcnsingen-Buttenhausen<\/strong> im Landkreis erh\u00e4lt eine Auszeichnung f\u00fcr ihr traditionelles und kulturelles Konzept.<\/p>\n<p>Seit mehr als hundert Jahren f\u00fchrt Familie Mayer den &#8222;Adler&#8220; in Buttenhausen.<\/p>\n<p>Manches hat sich in diesen Jahrzehnten ver\u00e4ndert, doch eines ist geblieben: Der &#8222;Adler&#8220; ist ein zentraler Ort des Dorflebens in Buttenhausen. Ein Ort f\u00fcr freudigen Austausch, f\u00fcr gem\u00fctliches Beisammensein, um Geburtstage, Konfirmationen oder Taufen zu feiern, ein Ort f\u00fcr Versammlungen, zur Pflege von Gesang und gemeinsamen Hobbys und schlie\u00dflich auch ein Ort, um nach einer Beerdigung in Trauer zusammenzukommen.<\/p>\n<p>Das <strong>Gasthaus Hirsch in Wangen-Leupolz<\/strong> im Landkreis Ravensburg erh\u00e4lt eine Auszeichnung f\u00fcr sein traditionelles und kulturelles Konzept.<\/p>\n<p>Seit vielen Jahren ist das Gasthaus Hirsch ein lebendiger Treffpunkt f\u00fcr die Dorfgemeinschaft und tr\u00e4gt aktiv zur St\u00e4rkung des lokalen Zusammenhalts bei. Als traditionelles Gasthaus mit tiefen Wurzeln in der Region ist das Gasthaus stolz darauf, ein Ort zu sein, an dem sich Vereine, Stammtische und Dorfbewohner regelm\u00e4\u00dfig begegnen und gemeinsam das gesellschaftliche Miteinander pflegen. Ob kulturelle Veranstaltungen, Feste oder spontane Zusammenk\u00fcnfte \u2013 das Gasthaus Hirsch ist weit mehr als nur ein Ort des Genusses. Es ist ein St\u00fcck gelebte Heimat.<\/p>\n<p>Das <strong>Gasthaus Ochsen in Melchingen <\/strong>im Zollernalbkreis erh\u00e4lt eine Auszeichnung f\u00fcr sein traditionelles und kulturelles Konzept.<\/p>\n<p>Der Gasthof Ochsen hat eine weit \u00fcber 100- j\u00e4hrige Tradition.&nbsp;<\/p>\n<p>Direkt neben der Kirche ist der Gasthof seit eh und je eine willkommene Einkehrst\u00e4tte f\u00fcr die Melchinger B\u00fcrgerinnen und B\u00fcrger.&nbsp;<\/p>\n<p>Die \u00f6rtlichen Vereine sind in der Gastst\u00e4tte immer herzlich willkommen. Monatlich werden in Eigenproduktion ca. 1200 Maultaschen hergestellt, die nicht nur im Lokal rei\u00dfenden Absatz finden.&nbsp;<\/p>\n<p>Im Mai 2025 fand bereits der 15. Mundartstammtisch im Gasthaus Ochsen statt.<\/p>\n","protected":false},"excerpt":{"rendered":"<p>Preistr\u00e4ger sind: Gasthaus Hirsch in T\u00fcbingen-Derendingen (Landkreis T\u00fcbingen) Gasthaus Krone in Albstadt-Lautlingen (Zollernalbkreis) Gasthaus Traube in Tettnang-Wielandsweiler (Bodenseekreis) &nbsp; Eine Auszeichnung f\u00fcr ein besonderes Konzept erhalten: Gasthaus Adler in M\u00fcnsingen-Buttenhausen (Landkreis Reutlingen) Gasthaus Hirsch in Wangen im Allg\u00e4u (Landkreis Ravensburg) Gasthaus Ochsen in Burladingen-Melchingen (Zollernalbkreis) &nbsp; Die pr\u00e4mierten Dorfgasth\u00e4user erhielten von Regierungspr\u00e4sident Klaus Tappeser, der &hellip; <\/p>\n<p class=\"link-more\"><a href=\"https:\/\/heimatpflege-tuebingen.de\/?page_id=1186\" class=\"more-link\"><span class=\"screen-reader-text\">\u201eWettbewerb &#8222;Vorbildliches Dorfgasthaus 2025&#8220;\u201c <\/span>weiterlesen<\/a><\/p>\n","protected":false},"author":1,"featured_media":1206,"parent":0,"menu_order":0,"comment_status":"closed","ping_status":"closed","template":"","meta":{"ngg_post_thumbnail":0,"footnotes":""},"class_list":["post-1186","page","type-page","status-publish","has-post-thumbnail","hentry"],"_links":{"self":[{"href":"https:\/\/heimatpflege-tuebingen.de\/index.php?rest_route=\/wp\/v2\/pages\/1186","targetHints":{"allow":["GET"]}}],"collection":[{"href":"https:\/\/heimatpflege-tuebingen.de\/index.php?rest_route=\/wp\/v2\/pages"}],"about":[{"href":"https:\/\/heimatpflege-tuebingen.de\/index.php?rest_route=\/wp\/v2\/types\/page"}],"author":[{"embeddable":true,"href":"https:\/\/heimatpflege-tuebingen.de\/index.php?rest_route=\/wp\/v2\/users\/1"}],"replies":[{"embeddable":true,"href":"https:\/\/heimatpflege-tuebingen.de\/index.php?rest_route=%2Fwp%2Fv2%2Fcomments&post=1186"}],"version-history":[{"count":3,"href":"https:\/\/heimatpflege-tuebingen.de\/index.php?rest_route=\/wp\/v2\/pages\/1186\/revisions"}],"predecessor-version":[{"id":1202,"href":"https:\/\/heimatpflege-tuebingen.de\/index.php?rest_route=\/wp\/v2\/pages\/1186\/revisions\/1202"}],"wp:featuredmedia":[{"embeddable":true,"href":"https:\/\/heimatpflege-tuebingen.de\/index.php?rest_route=\/wp\/v2\/media\/1206"}],"wp:attachment":[{"href":"https:\/\/heimatpflege-tuebingen.de\/index.php?rest_route=%2Fwp%2Fv2%2Fmedia&parent=1186"}],"curies":[{"name":"wp","href":"https:\/\/api.w.org\/{rel}","templated":true}]}}