{"id":1214,"date":"2025-12-10T14:11:45","date_gmt":"2025-12-10T14:11:45","guid":{"rendered":"https:\/\/heimatpflege-tuebingen.de\/?page_id=1214"},"modified":"2025-12-30T17:24:48","modified_gmt":"2025-12-30T17:24:48","slug":"verabschiedung","status":"publish","type":"page","link":"https:\/\/heimatpflege-tuebingen.de\/?page_id=1214","title":{"rendered":"Mitgliederversammlung-Verabschiedung"},"content":{"rendered":"\n<p>Bei der Mitgliederversammlung am 9.12.2025 stellt sich der stellv. Vorsitzende <strong>Harald Neu<\/strong> nach 24 Jahren nicht mehr zur Wahl.&nbsp;<\/p>\n<p>Als Nachfolger wurde<strong> Manfred Ehrle<\/strong>, Pr\u00e4sident Blasmusikverband Bodenseekreis, zum stellv. Vorsitzenden gew\u00e4hlt.<\/p>\n<p>Nach der Mitgliederversammlung stellte der Vorsitzende Karlheinz Gebert und Regierungspr\u00e4sident Klaus Tappeser die 2. Auflage das Buch des Arbeitskreises vor.<\/p>\n<p>Seit dem Jahr 2001 pr\u00e4gt <strong>Harald Neu<\/strong> als stellvertretender Vorsitzender des <em>Arbeitskreises Heimatpflege im Regierungsbezirk T\u00fcbingen e.V.<\/em> die Heimatpflege unserer Region in besonderer Weise.<br>Mit unerm\u00fcdlichem Engagement, gro\u00dfem Fachwissen und leidenschaftlicher Verbundenheit zur Kultur des l\u00e4ndlichen Raums hat er zahlreiche Initiativen und Projekte entscheidend bereichert.<\/p>\n<p>W\u00e4hrend seiner vielen Jahre im Vorstand war Harald Neu vor allem als Jurymitglied bei den Wettbewerben des Vereins eine verl\u00e4ssliche und gesch\u00e4tzte Stimme. Unter seiner Mitwirkung wurde der <strong>Museumswettbewerb<\/strong> zehnmal durchgef\u00fchrt.<\/p>\n<p>Mit seinem profunden Wissen \u00fcber die <em>Kultur und Lebensweise im l\u00e4ndlichen Raum<\/em> trug er ma\u00dfgeblich zur Auswahl der Preistr\u00e4ger bei.<\/p>\n<p>Im Jahr 2014 wurde erstmals der Wettbewerb <strong>\u201eVorbildliches Dorfgasthaus\u201c<\/strong> ins Leben gerufen. Auch hier war Harald Neu von Beginn an als Jurymitglied aktiv. Der Wettbewerb wurde bislang f\u00fcnfmal ausgerichtet, und 25 Dorfgasth\u00e4user zwischen Oberem Neckar, der s\u00fcdlichen Schw\u00e4bischen Alb und dem Bodensee wurden ausgezeichnet. Diese Erfolge zeigen, wie sehr ihm die lebendige Pflege von Kultur, Tradition und Gemeinschaft am Herzen liegt.<\/p>\n<p>Seine Liebe zur Heimat dr\u00fcckt sich auch in dem 2022 erschienenen <strong>Buch des Arbeitskreises Heimatpflege<\/strong> aus, an dessen Entstehung er ma\u00dfgeblich beteiligt war.<\/p>\n<p>&nbsp;<\/p>\n<p>&nbsp;<\/p>\n<p>&nbsp;<\/p>\n","protected":false},"excerpt":{"rendered":"<p>Bei der Mitgliederversammlung am 9.12.2025 stellt sich der stellv. Vorsitzende Harald Neu nach 24 Jahren nicht mehr zur Wahl.&nbsp; Als Nachfolger wurde Manfred Ehrle, Pr\u00e4sident Blasmusikverband Bodenseekreis, zum stellv. Vorsitzenden gew\u00e4hlt. Nach der Mitgliederversammlung stellte der Vorsitzende Karlheinz Gebert und Regierungspr\u00e4sident Klaus Tappeser die 2. Auflage das Buch des Arbeitskreises vor. Seit dem Jahr 2001 &hellip; <\/p>\n<p class=\"link-more\"><a href=\"https:\/\/heimatpflege-tuebingen.de\/?page_id=1214\" class=\"more-link\"><span class=\"screen-reader-text\">\u201eMitgliederversammlung-Verabschiedung\u201c <\/span>weiterlesen<\/a><\/p>\n","protected":false},"author":1,"featured_media":1228,"parent":0,"menu_order":0,"comment_status":"closed","ping_status":"closed","template":"","meta":{"ngg_post_thumbnail":0,"footnotes":""},"class_list":["post-1214","page","type-page","status-publish","has-post-thumbnail","hentry"],"_links":{"self":[{"href":"https:\/\/heimatpflege-tuebingen.de\/index.php?rest_route=\/wp\/v2\/pages\/1214","targetHints":{"allow":["GET"]}}],"collection":[{"href":"https:\/\/heimatpflege-tuebingen.de\/index.php?rest_route=\/wp\/v2\/pages"}],"about":[{"href":"https:\/\/heimatpflege-tuebingen.de\/index.php?rest_route=\/wp\/v2\/types\/page"}],"author":[{"embeddable":true,"href":"https:\/\/heimatpflege-tuebingen.de\/index.php?rest_route=\/wp\/v2\/users\/1"}],"replies":[{"embeddable":true,"href":"https:\/\/heimatpflege-tuebingen.de\/index.php?rest_route=%2Fwp%2Fv2%2Fcomments&post=1214"}],"version-history":[{"count":5,"href":"https:\/\/heimatpflege-tuebingen.de\/index.php?rest_route=\/wp\/v2\/pages\/1214\/revisions"}],"predecessor-version":[{"id":1231,"href":"https:\/\/heimatpflege-tuebingen.de\/index.php?rest_route=\/wp\/v2\/pages\/1214\/revisions\/1231"}],"wp:featuredmedia":[{"embeddable":true,"href":"https:\/\/heimatpflege-tuebingen.de\/index.php?rest_route=\/wp\/v2\/media\/1228"}],"wp:attachment":[{"href":"https:\/\/heimatpflege-tuebingen.de\/index.php?rest_route=%2Fwp%2Fv2%2Fmedia&parent=1214"}],"curies":[{"name":"wp","href":"https:\/\/api.w.org\/{rel}","templated":true}]}}