{"id":141,"date":"2017-12-15T12:49:32","date_gmt":"2017-12-15T12:49:32","guid":{"rendered":"http:\/\/heimatpflege-tuebingen.eu\/?page_id=141"},"modified":"2023-06-28T07:23:51","modified_gmt":"2023-06-28T07:23:51","slug":"impressum","status":"publish","type":"page","link":"https:\/\/heimatpflege-tuebingen.de\/?page_id=141","title":{"rendered":"Impressum"},"content":{"rendered":"<p><strong>Impressum<\/strong><\/p>\n<p>Angaben gem\u00e4\u00df \u00a75 Telemediengesetz<\/p>\n<p>Der <strong>Arbeitskreis Heimatpflege im Regierungsbezirk T\u00fcbingen e.V.<\/strong><br \/>\nist ein eingetragener Verein mit Sitz in T\u00fcbingen.<\/p>\n<p>Eingetragen beim Amtsgericht Stuttgart<br \/>\n&#8211; Registergericht &#8211;<br \/>\nRegisternummer: VR 380741<\/p>\n<p>Wir sind vom Finanzamt T\u00fcbingen als gemeinn\u00fctziger Verein anerkannt<\/p>\n<p><strong>Vertreten durch:<\/strong><br \/>\nKarlheinz Geppert&nbsp;&nbsp;&nbsp;&nbsp;&nbsp;&nbsp; 1. Vorsitzender<br \/>\nHarald Neu&nbsp;&nbsp;&nbsp;&nbsp;&nbsp;&nbsp;&nbsp;&nbsp;&nbsp;&nbsp;&nbsp;&nbsp;&nbsp;&nbsp;&nbsp; &nbsp;&nbsp; &nbsp;&nbsp; Stellvertretender Vorsitzender<br \/>\nIrmgard Naumann&nbsp; &nbsp; &nbsp; &nbsp;Stellvertretende Vorsitzende<\/p>\n<p><strong>Hausanschrift:<\/strong><\/p>\n<p>Gesch\u00e4ftsstelle im Regierungspr\u00e4sidium T\u00fcbingen<br \/>\nReferat 23<\/p>\n<p>Konrad-Adenauer-Str. 20<br \/>\n72072 T\u00fcbingen<\/p>\n<p>Tel.: 07071\/757-3811<br \/>\nFAX: 07071\/757-96137<br \/>\nE-Mail: <a href=\"mailto:heimatpflege-tuebingen@rpt.bwl.de\">heimatpflege-tuebingen@rpt.bwl.de<\/a><\/p>\n<p>&nbsp;<\/p>\n<p><strong>Postanschrift:<\/strong><\/p>\n<p>Postfach 26 66<br \/>\n72016 T\u00fcbingen<br \/>\n&nbsp;<\/p>\n<p><strong>Haftungsausschluss<\/strong><\/p>\n<p>Bitte beachten Sie die wichtigen rechtlichen Hinweise zu den Inhalten und zur Verf\u00fcgbarkeit dieser Webseiten, zum Urheberrecht und zu externen Links.<\/p>\n<p><strong>Inhalte dieser Website<\/strong><\/p>\n<p>Die Inhalte dieser Website werden mit gr\u00f6\u00dftm\u00f6glicher Sorgfalt erstellt. Es wird keine Gew\u00e4hr f\u00fcr die Richtigkeit, Vollst\u00e4ndigkeit und Aktualit\u00e4t der bereitgestellten Inhalte \u00fcbernommen.<\/p>\n<p><strong>Verf\u00fcgbarkeit der Website<\/strong><\/p>\n<p>Dieser Dienst wird m\u00f6glichst unterbrechungsfrei zum Abruf angeboten. Auch bei aller Sorgfalt k\u00f6nnen aber Ausfallzeiten nicht ausgeschlossen werden. Das Recht wird vorbehalten, das Angebot jederzeit zu \u00e4ndern oder einzustellen. F\u00fcr durch nicht fehlerfrei angelegte Dateien oder nicht fehlerfrei strukturierte Formate bedingte Unterbrechungen oder anderweitige St\u00f6rungen kann keine Gew\u00e4hr \u00fcbernommen werden.<\/p>\n<p><strong>Urheberrecht<\/strong><\/p>\n<p>Alle Inhalte und Strukturen dieser Website sind urheber- und leistungsschutzrechtlich gesch\u00fctzt. Die Ver\u00f6ffentlichung im World Wide Web oder in sonstigen Diensten des Internet bedeutet noch keine Einverst\u00e4ndniserkl\u00e4rung f\u00fcr eine anderweitige Nutzung durch Dritte. Jede vom deutschen Urheberrecht nicht zugelassene Verwertung bedarf der vorherigen schriftlichen Zustimmung des Vereinsvorstands.<\/p>\n<p>Wir erlauben und begr\u00fc\u00dfen ausdr\u00fccklich das Zitieren unserer Dokumente sowie das Setzen von Links auf unsere Website, solange kenntlich gemacht wird, dass es sich um Inhalte der Website des Arbeitskreis Heimatpflege im Regierungsbezirk T\u00fcbingen e.V. handelt und diese Inhalte nicht in Verbindung mit Inhalten Dritter gebracht werden, die den Interessen des Arbeitskreis Heimatpflege im Regierungsbezirk T\u00fcbingen e.V. widersprechen.<\/p>\n<p><strong>Hinweis zur Problematik von externen Links<\/strong><\/p>\n<p>Der Arbeitskreis Heimatpflege im Regierungsbezirk T\u00fcbingen e.V. ist als Inhaltsanbieter nach \u00a7 7 Absatz 1 Telemediengesetz f\u00fcr die \u201ceigenen Inhalte\u201d, die er zur Nutzung bereith\u00e4lt, nach den allgemeinen Gesetzen verantwortlich. Von diesen eigenen Inhalten sind Querverweise (\u201cLinks\u201d) auf die von anderen Anbietern bereitgehaltenen Inhalte zu unterscheiden. Durch den Querverweis h\u00e4lt der Arbeitskreis Heimatpflege im Regierungsbezirk T\u00fcbingen e.V. insofern \u201cfremde Inhalte\u201d zur Nutzung bereit, die in dieser Weise gekennzeichnet sind:<\/p>\n<p>Bei \u201cLinks\u201d handelt es sich stets um \u201clebende\u201d (dynamische) Verweisungen. Der Arbeitskreis Heimatpflege im Regierungsbezirk T\u00fcbingen e.V. hat bei der erstmaligen Verkn\u00fcpfung zwar den fremden Inhalt daraufhin \u00fcberpr\u00fcft, ob durch ihn eine m\u00f6gliche zivilrechtliche oder strafrechtliche Verantwortlichkeit ausgel\u00f6st wird. Er \u00fcberpr\u00fcft aber die Inhalte, auf die er in seinem Angebot verweist, nicht st\u00e4ndig auf Ver\u00e4nderungen, die eine Verantwortlichkeit neu begr\u00fcnden k\u00f6nnten. Wenn er feststellt oder von anderen darauf hingewiesen wird, dass ein konkretes Angebot, zu dem er einen Link bereitgestellt hat, eine zivil- oder strafrechtliche Verantwortlichkeit ausl\u00f6st, wird er den Verweis auf dieses Angebot aufheben.<\/p>\n<p><strong>Sonstige Hinweise<\/strong><\/p>\n<p>Aus Gr\u00fcnden der besseren Lesbarkeit wurde in den Texten dieses Portals grunds\u00e4tzlich auf die gleichzeitige Verwendung m\u00e4nnlicher und weiblicher Sprachformen verzichtet. Die m\u00e4nnliche Form schlie\u00dft die weibliche mit ein.<\/p>\n<p><strong>Datenschutz<\/strong><\/p>\n<p>Wir weisen darauf hin, dass die Daten\u00fcbertragung im Internet (z.B. bei der Kommunikation per E-Mail) Sicherheitsl\u00fccken aufweisen kann. Ein l\u00fcckenloser Schutz der Daten vor dem Zugriff durch Dritte ist nicht m\u00f6glich. Der Nutzung von im Rahmen der Impressumspflicht ver\u00f6ffentlichten Kontaktdaten durch Dritte zur \u00dcbersendung von nicht ausdr\u00fccklich angeforderter Werbung und Informationsmaterialien wird hiermit ausdr\u00fccklich widersprochen.<\/p>\n<p><strong>Bildnachweise<\/strong><\/p>\n<p>Die Bilder, die hier auf dieser Website Verwendung wurden zur Verf\u00fcgung gestellt von:<\/p>\n<ul>\n<li>Mitgliedsvereinen des AK Heimatpflege im Reg.-bez. T\u00fcbingen e.V.<\/li>\n<li>Gesch\u00e4ftsstelle AK Heimatpflege im Reg.-bez. T\u00fcbingen e.V.<\/li>\n<\/ul>\n","protected":false},"excerpt":{"rendered":"<p>Impressum Angaben gem\u00e4\u00df \u00a75 Telemediengesetz Der Arbeitskreis Heimatpflege im Regierungsbezirk T\u00fcbingen e.V. ist ein eingetragener Verein mit Sitz in T\u00fcbingen. Eingetragen beim Amtsgericht Stuttgart &#8211; Registergericht &#8211; Registernummer: VR 380741 Wir sind vom Finanzamt T\u00fcbingen als gemeinn\u00fctziger Verein anerkannt Vertreten durch: Karlheinz Geppert&nbsp;&nbsp;&nbsp;&nbsp;&nbsp;&nbsp; 1. Vorsitzender Harald Neu&nbsp;&nbsp;&nbsp;&nbsp;&nbsp;&nbsp;&nbsp;&nbsp;&nbsp;&nbsp;&nbsp;&nbsp;&nbsp;&nbsp;&nbsp; &nbsp;&nbsp; &nbsp;&nbsp; Stellvertretender Vorsitzender Irmgard Naumann&nbsp; &nbsp; &nbsp; &hellip; <\/p>\n<p class=\"link-more\"><a href=\"https:\/\/heimatpflege-tuebingen.de\/?page_id=141\" class=\"more-link\"><span class=\"screen-reader-text\">\u201eImpressum\u201c <\/span>weiterlesen<\/a><\/p>\n","protected":false},"author":1,"featured_media":0,"parent":0,"menu_order":0,"comment_status":"closed","ping_status":"closed","template":"","meta":{"ngg_post_thumbnail":0,"footnotes":""},"class_list":["post-141","page","type-page","status-publish","hentry"],"_links":{"self":[{"href":"https:\/\/heimatpflege-tuebingen.de\/index.php?rest_route=\/wp\/v2\/pages\/141","targetHints":{"allow":["GET"]}}],"collection":[{"href":"https:\/\/heimatpflege-tuebingen.de\/index.php?rest_route=\/wp\/v2\/pages"}],"about":[{"href":"https:\/\/heimatpflege-tuebingen.de\/index.php?rest_route=\/wp\/v2\/types\/page"}],"author":[{"embeddable":true,"href":"https:\/\/heimatpflege-tuebingen.de\/index.php?rest_route=\/wp\/v2\/users\/1"}],"replies":[{"embeddable":true,"href":"https:\/\/heimatpflege-tuebingen.de\/index.php?rest_route=%2Fwp%2Fv2%2Fcomments&post=141"}],"version-history":[{"count":7,"href":"https:\/\/heimatpflege-tuebingen.de\/index.php?rest_route=\/wp\/v2\/pages\/141\/revisions"}],"predecessor-version":[{"id":1011,"href":"https:\/\/heimatpflege-tuebingen.de\/index.php?rest_route=\/wp\/v2\/pages\/141\/revisions\/1011"}],"wp:attachment":[{"href":"https:\/\/heimatpflege-tuebingen.de\/index.php?rest_route=%2Fwp%2Fv2%2Fmedia&parent=141"}],"curies":[{"name":"wp","href":"https:\/\/api.w.org\/{rel}","templated":true}]}}