{"id":20,"date":"2017-12-12T10:34:48","date_gmt":"2017-12-12T10:34:48","guid":{"rendered":"http:\/\/heimatpflege-tuebingen.eu\/?page_id=20"},"modified":"2025-10-17T14:41:29","modified_gmt":"2025-10-17T14:41:29","slug":"startseite","status":"publish","type":"page","link":"https:\/\/heimatpflege-tuebingen.de\/","title":{"rendered":"Startseite"},"content":{"rendered":"<p style=\"text-align: center;\"><strong>Arbeitskreis Heimatpflege im Regierungsbezirk T\u00fcbingen e.V.<\/strong><\/p>\n<p style=\"text-align: center;\"><span style=\"font-family: arial, helvetica, sans-serif; font-size: 20px;\"><em><span style=\"color: #ff0000;\"><div id=\"mtphr-dnt-1189\" class=\"mtphr-dnt mtphr-dnt-1189 mtphr-dnt-default mtphr-dnt-scroll mtphr-dnt-scroll-left\"><div class=\"mtphr-dnt-wrapper mtphr-dnt-clearfix\"><div class=\"mtphr-dnt-tick-container\"><div class=\"mtphr-dnt-tick-contents\"><div class=\"mtphr-dnt-tick mtphr-dnt-default-tick mtphr-dnt-clearfix \"><a href=\"http:\/\/heimatpflege-tuebingen.de\/?page_id=1214\" target=\"_self\">2. Auflage vom Buch Arbeitskreis Heimatpflege vorgestellt, Harald Neu verabschiedet, Manfred Ehrle jetzt stellv. Vorsitzender.<\/a><\/div><\/div><\/div><\/div><\/div><\/span><\/em><\/span><\/p>\n<p>Seit seiner Gr\u00fcndung im Jahr 1985 organisiert und unterst\u00fctzt der Arbeitskreis Heimatpflege im Regierungsbezirk T\u00fcbingen e. V. ideell und materiell regionale Vereine, die sich sinngem\u00e4\u00df mit dem Thema &#8222;Heimatpflege&#8220; besch\u00e4ftigen.<\/p>\n<p>Heimatpflege im Sinne des Arbeitskreises bedeutet, mit ehrenamtlichem Engagement den wiedererkannten hohen Stellenwert der &#8222;Heimat&#8220; in einer durch gegenseitiges Verst\u00e4ndnis wieder zusammenger\u00fcckten Welt verst\u00e4ndlich zu machen. Heimatliebe und Weltoffenheit sind keine Gegens\u00e4tze mehr.<\/p>\n<p>Der Arbeitskreis engagiert sich vor allem daf\u00fcr, den hier lebenden und den hinzugezogenen Mitb\u00fcrgern ein heute zum Teil verlorengegangenes Heimatgef\u00fchl wieder zu vermitteln und zu st\u00e4rken.<\/p>\n<p>Heimatpflege umfasst heute unter anderem Bereiche wie Schutz und Pflege der Natur und Landschaft, Erhaltung historischer Bausubstanz, die Pflege der Volksmusik, des Volkstanzes, des Chorgesangs, der Trachten und der Mundart, sowie der Heimatgeschichte, der Heimat- und Freilichtmuseen, der Volks- und Landeskunde, des Volksbrauchtums und die Belange der Heimatvertriebenen. Diese Spannweite der Aufgaben zeigen, dass sich der Begriff &#8222;Heimatpflege&#8220; geweitet und versachlicht hat und von vielen neu gesehen wird.<\/p>\n<p>&nbsp;<\/p>\n<p>&nbsp;<\/p>\n","protected":false},"excerpt":{"rendered":"<p>Arbeitskreis Heimatpflege im Regierungsbezirk T\u00fcbingen e.V. Seit seiner Gr\u00fcndung im Jahr 1985 organisiert und unterst\u00fctzt der Arbeitskreis Heimatpflege im Regierungsbezirk T\u00fcbingen e. V. ideell und materiell regionale Vereine, die sich sinngem\u00e4\u00df mit dem Thema &#8222;Heimatpflege&#8220; besch\u00e4ftigen. Heimatpflege im Sinne des Arbeitskreises bedeutet, mit ehrenamtlichem Engagement den wiedererkannten hohen Stellenwert der &#8222;Heimat&#8220; in einer durch gegenseitiges &hellip; <\/p>\n<p class=\"link-more\"><a href=\"https:\/\/heimatpflege-tuebingen.de\/\" class=\"more-link\"><span class=\"screen-reader-text\">\u201eStartseite\u201c <\/span>weiterlesen<\/a><\/p>\n","protected":false},"author":1,"featured_media":0,"parent":0,"menu_order":0,"comment_status":"closed","ping_status":"closed","template":"","meta":{"ngg_post_thumbnail":0,"footnotes":""},"class_list":["post-20","page","type-page","status-publish","hentry"],"_links":{"self":[{"href":"https:\/\/heimatpflege-tuebingen.de\/index.php?rest_route=\/wp\/v2\/pages\/20","targetHints":{"allow":["GET"]}}],"collection":[{"href":"https:\/\/heimatpflege-tuebingen.de\/index.php?rest_route=\/wp\/v2\/pages"}],"about":[{"href":"https:\/\/heimatpflege-tuebingen.de\/index.php?rest_route=\/wp\/v2\/types\/page"}],"author":[{"embeddable":true,"href":"https:\/\/heimatpflege-tuebingen.de\/index.php?rest_route=\/wp\/v2\/users\/1"}],"replies":[{"embeddable":true,"href":"https:\/\/heimatpflege-tuebingen.de\/index.php?rest_route=%2Fwp%2Fv2%2Fcomments&post=20"}],"version-history":[{"count":17,"href":"https:\/\/heimatpflege-tuebingen.de\/index.php?rest_route=\/wp\/v2\/pages\/20\/revisions"}],"predecessor-version":[{"id":1190,"href":"https:\/\/heimatpflege-tuebingen.de\/index.php?rest_route=\/wp\/v2\/pages\/20\/revisions\/1190"}],"wp:attachment":[{"href":"https:\/\/heimatpflege-tuebingen.de\/index.php?rest_route=%2Fwp%2Fv2%2Fmedia&parent=20"}],"curies":[{"name":"wp","href":"https:\/\/api.w.org\/{rel}","templated":true}]}}