{"id":21,"date":"2017-12-12T10:34:48","date_gmt":"2017-12-12T10:34:48","guid":{"rendered":"http:\/\/heimatpflege-tuebingen.eu\/?page_id=21"},"modified":"2025-12-10T11:28:02","modified_gmt":"2025-12-10T11:28:02","slug":"kontakt","status":"publish","type":"page","link":"https:\/\/heimatpflege-tuebingen.de\/?page_id=21","title":{"rendered":"Vorstand"},"content":{"rendered":"<table style=\"border-collapse: collapse; width: 100%;\">\n<tbody>\n<tr>\n<td style=\"width: 33.6795%;\"><strong>Karlheinz Geppert<\/strong><\/p>\n<p>Vorsitzender<\/td>\n<td style=\"width: 66.3205%;\"><img loading=\"lazy\" decoding=\"async\" class=\"alignnone  wp-image-1056\" src=\"http:\/\/heimatpflege-tuebingen.de\/wp-content\/uploads\/2024\/06\/Karlheinz-300x282.png\" alt=\"\" width=\"121\" height=\"114\" srcset=\"https:\/\/heimatpflege-tuebingen.de\/wp-content\/uploads\/2024\/06\/Karlheinz-300x282.png 300w, https:\/\/heimatpflege-tuebingen.de\/wp-content\/uploads\/2024\/06\/Karlheinz.png 476w\" sizes=\"auto, (max-width: 121px) 100vw, 121px\" \/><\/td>\n<\/tr>\n<tr>\n<td style=\"width: 33.6795%;\"><strong>Irmgard Naumann <\/strong><\/p>\n<p>stellv. Vorsitzende<\/td>\n<td style=\"width: 66.3205%;\"><img loading=\"lazy\" decoding=\"async\" class=\"alignnone  wp-image-1059\" src=\"http:\/\/heimatpflege-tuebingen.de\/wp-content\/uploads\/2024\/06\/Naumann_frei-300x257.png\" alt=\"\" width=\"139\" height=\"119\" srcset=\"https:\/\/heimatpflege-tuebingen.de\/wp-content\/uploads\/2024\/06\/Naumann_frei-300x257.png 300w, https:\/\/heimatpflege-tuebingen.de\/wp-content\/uploads\/2024\/06\/Naumann_frei-1024x877.png 1024w, https:\/\/heimatpflege-tuebingen.de\/wp-content\/uploads\/2024\/06\/Naumann_frei-768x658.png 768w, https:\/\/heimatpflege-tuebingen.de\/wp-content\/uploads\/2024\/06\/Naumann_frei-1536x1316.png 1536w, https:\/\/heimatpflege-tuebingen.de\/wp-content\/uploads\/2024\/06\/Naumann_frei.png 2034w\" sizes=\"auto, (max-width: 139px) 100vw, 139px\" \/><\/td>\n<\/tr>\n<tr>\n<td style=\"width: 33.6795%;\"><strong>Manfred Ehrle<\/strong><\/p>\n<p>stellv. Vorsitzender<\/td>\n<td style=\"width: 66.3205%;\"><img loading=\"lazy\" decoding=\"async\" class=\"alignnone  wp-image-1210\" src=\"http:\/\/heimatpflege-tuebingen.de\/wp-content\/uploads\/2025\/12\/Ehrle_web-1-247x300.png\" alt=\"\" width=\"132\" height=\"160\" srcset=\"https:\/\/heimatpflege-tuebingen.de\/wp-content\/uploads\/2025\/12\/Ehrle_web-1-247x300.png 247w, https:\/\/heimatpflege-tuebingen.de\/wp-content\/uploads\/2025\/12\/Ehrle_web-1.png 737w\" sizes=\"auto, (max-width: 132px) 100vw, 132px\" \/><\/td>\n<\/tr>\n<tr>\n<td style=\"width: 33.6795%;\"><strong>Dr. Oliver Kn\u00f6rr<\/strong><\/p>\n<p>Gesch\u00e4ftsf\u00fchrer<\/td>\n<td style=\"width: 66.3205%;\"><img loading=\"lazy\" decoding=\"async\" class=\"alignnone wp-image-1128\" src=\"http:\/\/heimatpflege-tuebingen.de\/wp-content\/uploads\/2025\/01\/Oliver25_Frei-300x271.png\" alt=\"\" width=\"149\" height=\"135\" srcset=\"https:\/\/heimatpflege-tuebingen.de\/wp-content\/uploads\/2025\/01\/Oliver25_Frei-300x271.png 300w, https:\/\/heimatpflege-tuebingen.de\/wp-content\/uploads\/2025\/01\/Oliver25_Frei.png 752w\" sizes=\"auto, (max-width: 149px) 100vw, 149px\" \/><\/td>\n<\/tr>\n<\/tbody>\n<\/table>\n<p>&nbsp;<\/p>\n","protected":false},"excerpt":{"rendered":"<p>Karlheinz Geppert Vorsitzender Irmgard Naumann stellv. Vorsitzende Manfred Ehrle stellv. Vorsitzender Dr. Oliver Kn\u00f6rr Gesch\u00e4ftsf\u00fchrer &nbsp;<\/p>\n","protected":false},"author":1,"featured_media":0,"parent":0,"menu_order":0,"comment_status":"closed","ping_status":"closed","template":"","meta":{"ngg_post_thumbnail":0,"footnotes":""},"class_list":["post-21","page","type-page","status-publish","hentry"],"_links":{"self":[{"href":"https:\/\/heimatpflege-tuebingen.de\/index.php?rest_route=\/wp\/v2\/pages\/21","targetHints":{"allow":["GET"]}}],"collection":[{"href":"https:\/\/heimatpflege-tuebingen.de\/index.php?rest_route=\/wp\/v2\/pages"}],"about":[{"href":"https:\/\/heimatpflege-tuebingen.de\/index.php?rest_route=\/wp\/v2\/types\/page"}],"author":[{"embeddable":true,"href":"https:\/\/heimatpflege-tuebingen.de\/index.php?rest_route=\/wp\/v2\/users\/1"}],"replies":[{"embeddable":true,"href":"https:\/\/heimatpflege-tuebingen.de\/index.php?rest_route=%2Fwp%2Fv2%2Fcomments&post=21"}],"version-history":[{"count":15,"href":"https:\/\/heimatpflege-tuebingen.de\/index.php?rest_route=\/wp\/v2\/pages\/21\/revisions"}],"predecessor-version":[{"id":1213,"href":"https:\/\/heimatpflege-tuebingen.de\/index.php?rest_route=\/wp\/v2\/pages\/21\/revisions\/1213"}],"wp:attachment":[{"href":"https:\/\/heimatpflege-tuebingen.de\/index.php?rest_route=%2Fwp%2Fv2%2Fmedia&parent=21"}],"curies":[{"name":"wp","href":"https:\/\/api.w.org\/{rel}","templated":true}]}}