{"id":238,"date":"2017-12-17T11:00:33","date_gmt":"2017-12-17T11:00:33","guid":{"rendered":"http:\/\/heimatpflege-tuebingen.de\/?page_id=238"},"modified":"2018-07-19T09:47:52","modified_gmt":"2018-07-19T09:47:52","slug":"wettbewerb-dorfwirtschaft-2015","status":"publish","type":"page","link":"https:\/\/heimatpflege-tuebingen.de\/?page_id=238","title":{"rendered":"Wettbewerb &#8222;Vorbildliches Dorfgasthaus 2014\/2015&#8220;"},"content":{"rendered":"<p><strong>Im Juni 2014 lobte der Arbeitskreis Heimatpflege im Regierungsbezirk T\u00fcbingen e.V. den Wettbewerb \u201eVorbildliches Dorfgasthaus\u201c aus. Am 19.12.2014 gaben die Mitglieder des Vorstands Karlheinz Geppert, Harald Neu und Irene Schmid die Gewinner bekannt: das Hotel-Restaurant Klosterhof in 88484 Gutenzell und den Historischen Dorfgasthof Hirsch in 88299 Leutkirch-Urlau. Das Gasthaus Adler in 72531 Hohenstein-Meidelstetten erh\u00e4lt den \u201eSonderpreis b\u00fcrgerschaftliches Engagement\u201c.<\/strong><\/p>\n<p>Die Zahl der Dorfgasth\u00e4user ist in den letzten Jahrzehnten kontinuierlich zur\u00fcckgegangen. Gleichzeitig hat sich zunehmend ein Bewusstsein f\u00fcr den Stellenwert entwickelt, den Dorfgasth\u00e4user f\u00fcr die Identit\u00e4t von Gemeinden im l\u00e4ndlichen Raum und deren Bewohner besitzen. Um ihr \u00dcberleben zu sichern, sollen Dorfgasth\u00e4user durch innovative Konzepte ihre Attraktivit\u00e4t als Begegnungsst\u00e4tte f\u00fcr die Menschen in der Umgebung erhalten und steigern. Zur F\u00f6rderung dieser Entwicklung stiftete der Arbeitskreis Heimatpflege im Regierungsbezirk T\u00fcbingen e.V. einen Preis f\u00fcr vorbildliche Dorfgasth\u00e4user. Regierungspr\u00e4sident Hermann Strampfer \u00fcbernahm die Schirmherrschaft \u00fcber den Wettbewerb.<\/p>\n<p>Nach der Auslobung des Wettbewerbs am 3. Juni 2014 gaben \u00fcber 40&nbsp; Gasth\u00e4user ihre Bewerbung ab. Die Vorbildlichsten w\u00e4hlte eine Jury aus, die sich aus Mitgliedern des Arbeitskreises, Kulturwissenschaftlern, Experten des l\u00e4ndlichen Raums und Gastronomiefachleuten zusammensetzte. Gewinner sind das Hotel-Restaurant Klosterhof in 88484 Gutenzell-H\u00fcrbel und der Historische Dorfgasthof Hirsch in 88299 Leutkirch-Urlau. Daneben erh\u00e4lt das Gasthaus Adler in 72531 Hohenstein-Meidelstetten den &#8222;Sonderpreis b\u00fcrgerschaftliches Engagement&#8220;.<\/p>\n<p><a href=\"http:\/\/www.klosterhof-gutenzell.de\/\" target=\"_blank\" rel=\"noopener\"><img loading=\"lazy\" decoding=\"async\" class=\"alignleft wp-image-296 size-medium\" src=\"http:\/\/heimatpflege-tuebingen.de\/wp-content\/uploads\/2018\/01\/Klosterhof-Gutenzell-300x205.jpg\" alt=\"\" height=\"205\" width=\"300\" srcset=\"https:\/\/heimatpflege-tuebingen.de\/wp-content\/uploads\/2018\/01\/Klosterhof-Gutenzell-300x205.jpg 300w, https:\/\/heimatpflege-tuebingen.de\/wp-content\/uploads\/2018\/01\/Klosterhof-Gutenzell-768x524.jpg 768w, https:\/\/heimatpflege-tuebingen.de\/wp-content\/uploads\/2018\/01\/Klosterhof-Gutenzell.jpg 800w\" sizes=\"auto, (max-width: 300px) 100vw, 300px\" \/><\/a><a href=\"http:\/\/www.klosterhof-gutenzell.de\">Das Hotel-Restaurant Klosterhof in Gutenzell-H\u00fcrbel<\/a> wird in zweiter Generation gef\u00fchrt. Die Gastwirtschaft bietet in einer ehemaligen Torwache des Klosters sch\u00f6ne und stilvolle R\u00e4umlichkeiten. Auszeichnungsw\u00fcrdig ist der Klosterhof insbesondere aufgrund der sozialen Bedeutung des Engagements des Familienbetriebs f\u00fcr den Ort Gutenzell mit seinen 1.100 Einwohnern. Denn neben der Belieferung von Kindergarten und Schule mit Mittagessen besteht eine enge Verankerung mit der Gemeinde sowie den Vereinen.<\/p>\n<p><a href=\"https:\/\/www.dorfgasthof-hirsch.de\/home.html\" target=\"_blank\" rel=\"noopener\"><img loading=\"lazy\" decoding=\"async\" class=\"alignleft wp-image-217 size-medium\" src=\"http:\/\/heimatpflege-tuebingen.de\/wp-content\/uploads\/2017\/12\/Adler_Vogt_Aussenansicht_300-300x198.jpg\" alt=\"\" height=\"198\" width=\"300\"><\/a><a href=\"http:\/\/www.dorfgasthof-hirsch.de\">Der Historische Dorfgasthof Hirsch Leutkirch-Urlau<\/a> ist eine traditionelle Allg\u00e4uer Wirtschaft mit dunklem Holzt\u00e4fer an den W\u00e4nden und einem Holzdielenboden. In einem Dorfladen, der gleichzeitig die Hotelrezeption ist, gibt es selbst gemachte Produkte vom Hirsch, Holunderbl\u00fcten-Sirup, Bio-K\u00e4se, Bierspezialit\u00e4ten und vieles mehr. Die Jury \u00fcberzeugte die vorbildliche Restaurierung des Gasthofes, dessen Geschichte bis auf das Jahr 1751 zur\u00fcckgeht, sowie das innovative Konzept mit Wirtschaftsbetrieb, Veranstaltungen, Dorfladen und Hotel.<\/p>\n<p>Das <a href=\"http:\/\/www.adler-meidelstetten.de\">Gasthaus Adler in Hohenstein-Meidelstetten<\/a> erh\u00e4lt einen \u201eSonderpreis b\u00fcrgerschaftliches Engagement\u201c. Damit w\u00fcrdigt die Jury das au\u00dferordentlich gro\u00dfe ehrenamtliche Engagement des F\u00f6rdervereins, der das Geb\u00e4ude aus dem 18. Jahrhundert nach und nach saniert und mit \u00fcber 50 kulturellen Veranstaltungen pro Jahr den Ort Meidelstetten belebt.<\/p>\n<p>Die pr\u00e4mierten Dorfgasth\u00e4user erhielten im Rahmen von feierlichen Veranstaltungen eine Plakette und eine Urkunde. Die Festakte zur Verleihung der Preise&nbsp; fanden am Dienstag, 13. Januar 2015, um 18:00 Uhr im Hotel-Restaurant Klosterhof in Gutenzell und am Freitag, 16. Januar 2015, um 18:00 Uhr im Historischen Dorfgasthof Hirsch in Leutkirch-Urlau statt.<\/p>\n<p>&nbsp;<\/p>\n<p>&nbsp;<\/p>\n<p>&nbsp;<\/p>\n","protected":false},"excerpt":{"rendered":"<p>Im Juni 2014 lobte der Arbeitskreis Heimatpflege im Regierungsbezirk T\u00fcbingen e.V. den Wettbewerb \u201eVorbildliches Dorfgasthaus\u201c aus. Am 19.12.2014 gaben die Mitglieder des Vorstands Karlheinz Geppert, Harald Neu und Irene Schmid die Gewinner bekannt: das Hotel-Restaurant Klosterhof in 88484 Gutenzell und den Historischen Dorfgasthof Hirsch in 88299 Leutkirch-Urlau. Das Gasthaus Adler in 72531 Hohenstein-Meidelstetten erh\u00e4lt den &hellip; <\/p>\n<p class=\"link-more\"><a href=\"https:\/\/heimatpflege-tuebingen.de\/?page_id=238\" class=\"more-link\"><span class=\"screen-reader-text\">\u201eWettbewerb &#8222;Vorbildliches Dorfgasthaus 2014\/2015&#8220;\u201c <\/span>weiterlesen<\/a><\/p>\n","protected":false},"author":1,"featured_media":0,"parent":0,"menu_order":0,"comment_status":"closed","ping_status":"closed","template":"","meta":{"ngg_post_thumbnail":0,"footnotes":""},"class_list":["post-238","page","type-page","status-publish","hentry"],"_links":{"self":[{"href":"https:\/\/heimatpflege-tuebingen.de\/index.php?rest_route=\/wp\/v2\/pages\/238","targetHints":{"allow":["GET"]}}],"collection":[{"href":"https:\/\/heimatpflege-tuebingen.de\/index.php?rest_route=\/wp\/v2\/pages"}],"about":[{"href":"https:\/\/heimatpflege-tuebingen.de\/index.php?rest_route=\/wp\/v2\/types\/page"}],"author":[{"embeddable":true,"href":"https:\/\/heimatpflege-tuebingen.de\/index.php?rest_route=\/wp\/v2\/users\/1"}],"replies":[{"embeddable":true,"href":"https:\/\/heimatpflege-tuebingen.de\/index.php?rest_route=%2Fwp%2Fv2%2Fcomments&post=238"}],"version-history":[{"count":16,"href":"https:\/\/heimatpflege-tuebingen.de\/index.php?rest_route=\/wp\/v2\/pages\/238\/revisions"}],"predecessor-version":[{"id":528,"href":"https:\/\/heimatpflege-tuebingen.de\/index.php?rest_route=\/wp\/v2\/pages\/238\/revisions\/528"}],"wp:attachment":[{"href":"https:\/\/heimatpflege-tuebingen.de\/index.php?rest_route=%2Fwp%2Fv2%2Fmedia&parent=238"}],"curies":[{"name":"wp","href":"https:\/\/api.w.org\/{rel}","templated":true}]}}