{"id":618,"date":"2019-04-13T08:14:51","date_gmt":"2019-04-13T08:14:51","guid":{"rendered":"http:\/\/heimatpflege-tuebingen.de\/?page_id=618"},"modified":"2025-03-10T15:42:33","modified_gmt":"2025-03-10T15:42:33","slug":"ausschreibung-vorbildliche-dorfwirtschaft","status":"publish","type":"page","link":"https:\/\/heimatpflege-tuebingen.de\/?page_id=618","title":{"rendered":"Ausschreibung Wettbewerb &#8222;Vorbildliche Dorfwirtschaft&#8220;"},"content":{"rendered":"<p><strong>Unter der Schirmherrschaft von Regierungspr\u00e4sident Klaus Tappeser schreibt der Arbeitskreis Heimatpflege im Regierungspr\u00e4sidium T\u00fcbingen e. V. zum f\u00fcnften Mal den Wettbewerb \u201eVorbildliches Dorfgasthaus\u201c aus. Alle Betreiber von (Dorf-)Gasth\u00e4usern aus dem Regierungsbezirk T\u00fcbingen k\u00f6nnen sich bis zum 30. April 2025 f\u00fcr den Wettbewerb anmelden.<\/strong><\/p>\n<p><a href=\"https:\/\/rp.baden-wuerttemberg.de\/rpt\/presse-und-soziale-medien\/pressemitteilungen\/artikel\/arbeitskreis-heimatpflege-im-regierungsbezirk-tuebingen-ev-eroeffnet-den-5-wettbewerb-vorbildliches-dorf-gasthaus\/\">Pressemitteilung Regierungspr\u00e4sidium T\u00fcbingen<\/a><\/p>\n<p>Gasth\u00e4user sind traditionell wichtige Orte der Begegnung und Kommunikation, vor allem in den Kommunen im L\u00e4ndlichen Raum. Sie f\u00f6rdern den sozialen Zusammenhalt und die Verbundenheit der B\u00fcrgerinnen und B\u00fcrger mit ihren Gemeinden. Umso mehr ist zu bedauern, dass ihre Zahl in den letzten Jahren deutlich zur\u00fcckgegangen ist, die Pandemie kam erschwerend hinzu.<\/p>\n<p>(Dorf-)Gasth\u00e4user sind als zentrale Orte f\u00fcr den vielf\u00e4ltigen Austausch der B\u00fcrgerschaft ein St\u00fcck gelebte Heimat. Um den Fortbestand als Treffpunkt zu sichern, sollten sie durch attraktive Angebote und innovative Konzepte die Menschen aller Altersgruppen vor Ort ansprechen. Dies kann gelingen, indem sie sich beispielsweise durch Musikveranstaltungen, Mundartabende, Beitr\u00e4ge zur Dorfgeschichte oder sonstige heimatkundliche Aktivit\u00e4ten, aber auch durch besondere gastronomische Angebote einem m\u00f6glichst breiten Publikum \u00f6ffnen.<\/p>\n<p>Dem Arbeitskreis Heimatpflege im Regierungsbezirk T\u00fcbingen e. V. ist es ein Anliegen, diese Entwicklung zu unterst\u00fctzen. Mit dem Wettbewerb m\u00f6chte der Arbeitskreis (Dorf-)Gasth\u00e4user auszeichnen, in denen sich die G\u00e4ste \u2013 aus nah und fern \u2013 wohlf\u00fchlen und gerne einkehren.<\/p>\n<p>Der Wettbewerb wird in der Regel alle zwei Jahre durchgef\u00fchrt. \u00dcber die Preisvergabe entscheidet eine Jury aus Mitgliedern des Arbeitskreises Heimatpflege und anderen mit der Heimatpflege und Heimatkunde verbundenen Personen, wie beispielsweise Kulturwissenschaftler oder Gastronomiefachleute. Aspekte, wie das kulturelle Programm oder die bauliche und r\u00e4umliche Ausstattung, auch unter denkmalpflegerischen Gesichtspunkten, flie\u00dfen in die Wertung mit ein. Ausgezeichnet werden jeweils bis zu drei Preistr\u00e4ger. Die Verleihung findet im Rahmen eines \u201eFeschdle\u201c statt. Die Gewinner erhalten eine Urkunde, eine Plakette und eine Stele. Interessenten k\u00f6nnen sich an die Gesch\u00e4ftsstelle des Arbeitskreises Heimatpflege im Regierungsbezirk T\u00fcbingen e. V. beim Regierungspr\u00e4sidium, Referat 23, Konrad-Adenauer-Stra\u00dfe 20, 72072 T\u00fcbingen, wenden. Die Bewerbungsfrist endet am Mittwoch, 30. April 2025. N\u00e4here Informationen zu den Teilnahmebedingungen gibt die Gesch\u00e4ftsstelle des Arbeitskreises.<\/p>\n<p>Der Arbeitskreis freut sich auch \u00fcber Tipps und Vorschl\u00e4ge von Gasthausbesuchern, die \u201eihr\u201c Gasthaus f\u00fcr den Wettbewerb empfehlen.<\/p>\n<p><strong>Hintergrundinformation:<\/strong><\/p>\n<p>Der Arbeitskreis Heimatpflege im Regierungsbezirk T\u00fcbingen e.V. ist der Dachverband, der in der Heimatpflege im Regierungsbezirk T\u00fcbingen t\u00e4tigen Organisationen und Verb\u00e4nde. Seit seiner Gr\u00fcndung im Jahr 1985 unterst\u00fctzt der Arbeitskreis Heimatpflege Vereine und Verb\u00e4nde, die sich mit der Heimat und der Heimatpflege besch\u00e4ftigen.<\/p>\n<p>Heimatpflege bedeutet f\u00fcr den vorwiegend ehrenamtlichen Arbeitskreis, den hohen Stellenwert der Heimat in einer zusammenger\u00fcckten Welt verst\u00e4ndlich zu machen. Heimatliebe und Weltoffenheit sind in einer globalisierten Welt keine Gegens\u00e4tze. Der Begriff \u201eHeimat\u201c wird weit und offen gefasst, er umfasst nicht nur Erinnerungskultur. Heimat ist keinesfalls Reservat f\u00fcr wenige, sondern bietet Raum f\u00fcr viele.<\/p>\n<p><strong>Hinweis f\u00fcr R\u00fcckfragen:<\/strong><br \/>\nF\u00fcr Fragen zum Wettbewerb steht die Gesch\u00e4ftsstelle des Arbeitskreis im Regierungspr\u00e4sidium zur Verf\u00fcgung.<\/p>\n<p><a href=\"http:\/\/heimatpflege-tuebingen.de\/wp-content\/uploads\/2025\/02\/25-03-10-Ausschreibungtext-2025.pdf\" target=\"_blank\" rel=\"noopener noreferrer\">Ausschreibung herunterladen<\/a><\/p>\n","protected":false},"excerpt":{"rendered":"<p>Unter der Schirmherrschaft von Regierungspr\u00e4sident Klaus Tappeser schreibt der Arbeitskreis Heimatpflege im Regierungspr\u00e4sidium T\u00fcbingen e. V. zum f\u00fcnften Mal den Wettbewerb \u201eVorbildliches Dorfgasthaus\u201c aus. Alle Betreiber von (Dorf-)Gasth\u00e4usern aus dem Regierungsbezirk T\u00fcbingen k\u00f6nnen sich bis zum 30. April 2025 f\u00fcr den Wettbewerb anmelden. Pressemitteilung Regierungspr\u00e4sidium T\u00fcbingen Gasth\u00e4user sind traditionell wichtige Orte der Begegnung und Kommunikation, &hellip; <\/p>\n<p class=\"link-more\"><a href=\"https:\/\/heimatpflege-tuebingen.de\/?page_id=618\" class=\"more-link\"><span class=\"screen-reader-text\">\u201eAusschreibung Wettbewerb &#8222;Vorbildliche Dorfwirtschaft&#8220;\u201c <\/span>weiterlesen<\/a><\/p>\n","protected":false},"author":1,"featured_media":565,"parent":0,"menu_order":0,"comment_status":"closed","ping_status":"closed","template":"","meta":{"ngg_post_thumbnail":0,"footnotes":""},"class_list":["post-618","page","type-page","status-publish","has-post-thumbnail","hentry"],"_links":{"self":[{"href":"https:\/\/heimatpflege-tuebingen.de\/index.php?rest_route=\/wp\/v2\/pages\/618","targetHints":{"allow":["GET"]}}],"collection":[{"href":"https:\/\/heimatpflege-tuebingen.de\/index.php?rest_route=\/wp\/v2\/pages"}],"about":[{"href":"https:\/\/heimatpflege-tuebingen.de\/index.php?rest_route=\/wp\/v2\/types\/page"}],"author":[{"embeddable":true,"href":"https:\/\/heimatpflege-tuebingen.de\/index.php?rest_route=\/wp\/v2\/users\/1"}],"replies":[{"embeddable":true,"href":"https:\/\/heimatpflege-tuebingen.de\/index.php?rest_route=%2Fwp%2Fv2%2Fcomments&post=618"}],"version-history":[{"count":13,"href":"https:\/\/heimatpflege-tuebingen.de\/index.php?rest_route=\/wp\/v2\/pages\/618\/revisions"}],"predecessor-version":[{"id":1183,"href":"https:\/\/heimatpflege-tuebingen.de\/index.php?rest_route=\/wp\/v2\/pages\/618\/revisions\/1183"}],"wp:featuredmedia":[{"embeddable":true,"href":"https:\/\/heimatpflege-tuebingen.de\/index.php?rest_route=\/wp\/v2\/media\/565"}],"wp:attachment":[{"href":"https:\/\/heimatpflege-tuebingen.de\/index.php?rest_route=%2Fwp%2Fv2%2Fmedia&parent=618"}],"curies":[{"name":"wp","href":"https:\/\/api.w.org\/{rel}","templated":true}]}}