{"id":90,"date":"2017-12-15T10:52:46","date_gmt":"2017-12-15T10:52:46","guid":{"rendered":"http:\/\/heimatpflege-tuebingen.eu\/?page_id=90"},"modified":"2026-01-20T17:52:00","modified_gmt":"2026-01-20T17:52:00","slug":"wettbewerbe","status":"publish","type":"page","link":"https:\/\/heimatpflege-tuebingen.de\/?page_id=90","title":{"rendered":"Wettbewerbe"},"content":{"rendered":"\n<p><strong>Vorbildliche Dorfwirtschaft<\/strong><\/p>\n<p><a href=\"https:\/\/heimatpflege-tuebingen.de\/?page_id=1186\">Wettbewerb \u201eVorbildliches Dorfgasthaus 2025\u201c<\/a><\/p>\n<p><a href=\"https:\/\/heimatpflege-tuebingen.de\/?page_id=1250\">Preisverleihung Hirsch Derendingen<\/a><\/p>\n<p><a href=\"https:\/\/heimatpflege-tuebingen.de\/?page_id=1236\" data-type=\"page\" data-id=\"1236\">Preisverleihung Krone Lautlingen<\/a><\/p>\n\n\n\n<p><a href=\"https:\/\/heimatpflege-tuebingen.de\/?page_id=1261\">Preisverleihung Traube Wielandsweiler<\/a><\/p>\n\n\n\n<p><strong>Vorbildliches Heimatmuseum<\/strong><\/p>\n\n\n\n<p>Der Wettbewerb \u201eVorbildliches Heimatmuseum\u201c wurde ebenfalls alle zwei Jahre ausgeschrieben.&nbsp;<\/p>\n\n\n\n<p><a href=\"https:\/\/heimatpflege-tuebingen.de\/?page_id=1050\" data-type=\"page\" data-id=\"1050\">Hier gelangen Sie zum letzten Wettbewerb<\/a><\/p>\n\n\n\n<p><\/p>\n\n\n\n<p><a href=\"http:\/\/heimatpflege-tuebingen.de\/?page_id=223\">Hier gelangen Sie zu weiteren Informationen und einer \u00dcbersicht \u00fcber die bisherigen Preistr\u00e4ger<\/a><\/p>\n\n\n\n<p><\/p>\n\n\n\n<p><\/p>\n\n\n\n<p><\/p>\n","protected":false},"excerpt":{"rendered":"<p>Vorbildliche Dorfwirtschaft Wettbewerb \u201eVorbildliches Dorfgasthaus 2025\u201c Preisverleihung Hirsch Derendingen Preisverleihung Krone Lautlingen Preisverleihung Traube Wielandsweiler Vorbildliches Heimatmuseum Der Wettbewerb \u201eVorbildliches Heimatmuseum\u201c wurde ebenfalls alle zwei Jahre ausgeschrieben.&nbsp; Hier gelangen Sie zum letzten Wettbewerb Hier gelangen Sie zu weiteren Informationen und einer \u00dcbersicht \u00fcber die bisherigen Preistr\u00e4ger<\/p>\n","protected":false},"author":6,"featured_media":0,"parent":0,"menu_order":0,"comment_status":"closed","ping_status":"closed","template":"","meta":{"ngg_post_thumbnail":0,"footnotes":""},"class_list":["post-90","page","type-page","status-publish","hentry"],"_links":{"self":[{"href":"https:\/\/heimatpflege-tuebingen.de\/index.php?rest_route=\/wp\/v2\/pages\/90","targetHints":{"allow":["GET"]}}],"collection":[{"href":"https:\/\/heimatpflege-tuebingen.de\/index.php?rest_route=\/wp\/v2\/pages"}],"about":[{"href":"https:\/\/heimatpflege-tuebingen.de\/index.php?rest_route=\/wp\/v2\/types\/page"}],"author":[{"embeddable":true,"href":"https:\/\/heimatpflege-tuebingen.de\/index.php?rest_route=\/wp\/v2\/users\/6"}],"replies":[{"embeddable":true,"href":"https:\/\/heimatpflege-tuebingen.de\/index.php?rest_route=%2Fwp%2Fv2%2Fcomments&post=90"}],"version-history":[{"count":35,"href":"https:\/\/heimatpflege-tuebingen.de\/index.php?rest_route=\/wp\/v2\/pages\/90\/revisions"}],"predecessor-version":[{"id":1264,"href":"https:\/\/heimatpflege-tuebingen.de\/index.php?rest_route=\/wp\/v2\/pages\/90\/revisions\/1264"}],"wp:attachment":[{"href":"https:\/\/heimatpflege-tuebingen.de\/index.php?rest_route=%2Fwp%2Fv2%2Fmedia&parent=90"}],"curies":[{"name":"wp","href":"https:\/\/api.w.org\/{rel}","templated":true}]}}